{"id":55,"date":"2018-01-28T11:26:41","date_gmt":"2018-01-28T11:26:41","guid":{"rendered":"http:\/\/neal.thespan.net\/?page_id=55"},"modified":"2019-05-14T15:07:35","modified_gmt":"2019-05-14T13:07:35","slug":"o-mnie","status":"publish","type":"page","link":"https:\/\/mrozowisko.pl\/en\/o-mnie\/","title":{"rendered":"About me"},"content":{"rendered":"<div class=\"wp-block-cover has-background-dim-20 has-pale-cyan-blue-background-color has-background-dim\" style=\"background-image:url(http:\/\/mrozowisko.pl\/wp-content\/uploads\/2019\/04\/daniel-mroz-zdjecie.jpg)\"><div class=\"wp-block-cover__inner-container is-layout-flow wp-block-cover-is-layout-flow\">\n<p style=\"text-align:center\" class=\"has-large-font-size\"><\/p>\n<\/div><\/div>\n\n\n\n<p class=\"has-drop-cap\">My name is Daniel Mr\u00f3z and I am Bruneika of Polish grammar, spelling and broadly understood &quot;style&quot; (if you do not know who Robert is, you simply can not be a good person). With equal grace and lightness, as Robert embroiders tablecloths, I dance, write and draw. Every day, I am a husband, father, boss, employee, naturalist, storyteller, pre-medical rescuer, self-taught in the field of breeding and rescue of two-headed unicorns, a tree surgeon (yes, there is something), a certified chainsaw operator, a bushlayer, the owner of probably the most lazy hound (in this part of the world) and I have the conviction that someone will read what I am writing. <\/p>\n\n\n\n<p> In my spare time I am building a time machine to improve something in the history of the World (eg: do you know that the Coca-Cola recipe was invented by Kola Zytnicki from Bia\u0142a from Suwa\u0142ki?) He added an extract of white and mulberry to the beetroot mash. weeks, too long, because Kola just sat in the mother, for stealing his heifers neighbor, after trying the distillate, Zytnicki did not sleep for five days, mumbling &quot;Coza Kola ... Coza Kola.&quot; Unfortunately, he did not drink alone .. His neighbor, Jan Por\u0119bicki, stole the recipe and immigrated to the USA, he opened a pharmacy and that&#039;s how Coca-Cola came into being, and the world thinks it&#039;s an American invention by John Pemberton, it&#039;s time to remedy it! The truth must win!). <\/p>\n\n\n\n<p> The vehicle is also necessary for me to write off all outstanding emails and to create missing commas in my texts. <\/p>\n\n\n\n<h4 id=\"ostatnie-wpisy\" class=\"wp-block-heading\">Recent entries<\/h4>\n\n\n<ul class=\"wp-block-latest-posts__list wp-block-latest-posts\"><li><a class=\"wp-block-latest-posts__post-title\" href=\"https:\/\/mrozowisko.pl\/en\/blog\/2019\/06\/26\/co-zrobic-aby-dzieciaki-przez-wakacje-nie-zapomnialy-jak-sie-czyta\/\">What to do so that kids do not forget how to read during the holidays<\/a><\/li>\n<li><a class=\"wp-block-latest-posts__post-title\" href=\"https:\/\/mrozowisko.pl\/en\/blog\/2019\/06\/18\/czerwony-pasek-na-swiadectwie-to-powod-do-wstydu\/\">The red bar on the certificate is a reason for shame?<\/a><\/li>\n<li><a class=\"wp-block-latest-posts__post-title\" href=\"https:\/\/mrozowisko.pl\/en\/blog\/2019\/06\/12\/wakacje-z-dziecmi-nad-polskim-morzem-czyli-gdzie-sie-pan-pchasz-z-tym-bachorem\/\">Holidays with children at the Polish seaside, that is: &quot;Where are you pushing with this brat?&quot;<\/a><\/li>\n<li><a class=\"wp-block-latest-posts__post-title\" href=\"https:\/\/mrozowisko.pl\/en\/blog\/2019\/06\/10\/zakaz-komorek-w-szkole-to-tylko-plasterek-na-rane-ktora-staje-sie-problemem\/\">Banning the cells at school - it&#039;s just a slice of the wound that becomes a problem<\/a><\/li>\n<li><a class=\"wp-block-latest-posts__post-title\" href=\"https:\/\/mrozowisko.pl\/en\/blog\/2019\/06\/05\/jak-zostalismy-szoferami-naszych-dzieci\/\">How we became the drivers of our children and how we stopped being them<\/a><\/li>\n<\/ul>\n\n\n<hr class=\"wp-block-separator\"\/>\n\n\n\n<h2 id=\"pare-slow-o-blogu\" class=\"wp-block-heading\">A few words about the BLOG<\/h2>\n\n\n\n<p>The mrozowisko.pl blog is for everyone who is a Renaissance people. For all who are curious about the world and life. For all who combine a lot of passion and skills. And nothing human is alien to them. <\/p>\n\n\n\n<p>That&#039;s why you&#039;ll find a lot of information from various fields on this blog, dear reader. What connects them all? My point of view, almost always supported by life practice. <\/p>\n\n\n\n<p>You use the knowledge contained here, at your own risk. Let this blog serve you best, if you want to write something from yourself, read it willingly, write to the e-mail or on our profile on <a rel=\"noreferrer noopener\" aria-label=\"Facebooku (opens in a new tab)\" href=\"https:\/\/www.facebook.com\/mrozowiskopl\/\" target=\"_blank\">Facebook<\/a>. Nieustannie wzrastaj i stawaj si\u0119 pe\u0142niejsz\u0105 wersj\u0105 siebie. Je\u015bli jednak jeste\u015b trolem, kt\u00f3ry przyszed\u0142 tutaj hejtowa\u0107 i bi\u0107 pian\u0119, spodziewaj si\u0119 szybkiego bana na wszystkich platformach. \ud83d\ude42 <\/p>","protected":false},"excerpt":{"rendered":"Nazywam si\u0119 Daniel Mr\u00f3z i jestem Bruneik\u0105 polskiej gramatyki, ortografii i szeroko poj\u0119tego &#8220;stylu&#8221; (je\u015bli nie wiesz kim&hellip;","protected":false},"author":1,"featured_media":0,"parent":0,"menu_order":0,"comment_status":"closed","ping_status":"closed","template":"","meta":{"_monsterinsights_skip_tracking":false,"_monsterinsights_sitenote_active":false,"_monsterinsights_sitenote_note":"","_monsterinsights_sitenote_category":0,"jetpack_post_was_ever_published":false,"footnotes":""},"class_list":["post-55","page","type-page","status-publish"],"yoast_head":"<!-- This site is optimized with the Yoast SEO plugin v23.7 - https:\/\/yoast.com\/wordpress\/plugins\/seo\/ -->\n<title>Kim jest Daniel Mr\u00f3z - Mrozowisko.pl<\/title>\n<meta name=\"description\" content=\"M\u0119\u017cem, tat\u0105, szefem, przyrodnikiem, storytellerem, samoukiem w zakresie hodowli dwug\u0142owych jednoro\u017cc\u00f3w, chirurgiem drzew (tak, jest co\u015b takiego), dyplomowanym operatorem pi\u0142y \u0142a\u0144cuchowej, bushcraftowcem, w\u0142a\u015bcicielem prawdopodobnie najbardziej leniwego ogara (w tej cz\u0119\u015bci \u015bwiata) i ma przekonanie, \u017ce kto\u015b, kiedy\u015b przeczyta to co napisze.\" \/>\n<meta name=\"robots\" content=\"index, follow, max-snippet:-1, max-image-preview:large, max-video-preview:-1\" \/>\n<link rel=\"canonical\" href=\"https:\/\/mrozowisko.pl\/en\/o-mnie\/\" \/>\n<meta property=\"og:locale\" content=\"en_US\" \/>\n<meta property=\"og:type\" content=\"article\" \/>\n<meta property=\"og:title\" content=\"Kim jest Daniel Mr\u00f3z - Mrozowisko.pl\" \/>\n<meta property=\"og:description\" content=\"M\u0119\u017cem, tat\u0105, szefem, przyrodnikiem, storytellerem, samoukiem w zakresie hodowli dwug\u0142owych jednoro\u017cc\u00f3w, chirurgiem drzew (tak, jest co\u015b takiego), dyplomowanym operatorem pi\u0142y \u0142a\u0144cuchowej, bushcraftowcem, w\u0142a\u015bcicielem prawdopodobnie najbardziej leniwego ogara (w tej cz\u0119\u015bci \u015bwiata) i ma przekonanie, \u017ce kto\u015b, kiedy\u015b przeczyta to co napisze.\" \/>\n<meta property=\"og:url\" content=\"https:\/\/mrozowisko.pl\/en\/o-mnie\/\" \/>\n<meta property=\"og:site_name\" content=\"Mrozowisko.pl\" \/>\n<meta property=\"article:modified_time\" content=\"2019-05-14T13:07:35+00:00\" \/>\n<meta name=\"twitter:card\" content=\"summary_large_image\" \/>\n<meta name=\"twitter:label1\" content=\"Est. reading time\" \/>\n\t<meta name=\"twitter:data1\" content=\"2 minutes\" \/>\n<script type=\"application\/ld+json\" class=\"yoast-schema-graph\">{\"@context\":\"https:\/\/schema.org\",\"@graph\":[{\"@type\":\"WebPage\",\"@id\":\"https:\/\/mrozowisko.pl\/en\/o-mnie\/\",\"url\":\"https:\/\/mrozowisko.pl\/en\/o-mnie\/\",\"name\":\"Kim jest Daniel Mr\u00f3z - Mrozowisko.pl\",\"isPartOf\":{\"@id\":\"https:\/\/mrozowisko.pl\/#website\"},\"datePublished\":\"2018-01-28T11:26:41+00:00\",\"dateModified\":\"2019-05-14T13:07:35+00:00\",\"description\":\"M\u0119\u017cem, tat\u0105, szefem, przyrodnikiem, storytellerem, samoukiem w zakresie hodowli dwug\u0142owych jednoro\u017cc\u00f3w, chirurgiem drzew (tak, jest co\u015b takiego), dyplomowanym operatorem pi\u0142y \u0142a\u0144cuchowej, bushcraftowcem, w\u0142a\u015bcicielem prawdopodobnie najbardziej leniwego ogara (w tej cz\u0119\u015bci \u015bwiata) i ma przekonanie, \u017ce kto\u015b, kiedy\u015b przeczyta to co napisze.\",\"breadcrumb\":{\"@id\":\"https:\/\/mrozowisko.pl\/en\/o-mnie\/#breadcrumb\"},\"inLanguage\":\"en-US\",\"potentialAction\":[{\"@type\":\"ReadAction\",\"target\":[\"https:\/\/mrozowisko.pl\/en\/o-mnie\/\"]}]},{\"@type\":\"BreadcrumbList\",\"@id\":\"https:\/\/mrozowisko.pl\/en\/o-mnie\/#breadcrumb\",\"itemListElement\":[{\"@type\":\"ListItem\",\"position\":1,\"name\":\"Strona g\u0142\u00f3wna\",\"item\":\"https:\/\/mrozowisko.pl\/\"},{\"@type\":\"ListItem\",\"position\":2,\"name\":\"O mnie\"}]},{\"@type\":\"WebSite\",\"@id\":\"https:\/\/mrozowisko.pl\/#website\",\"url\":\"https:\/\/mrozowisko.pl\/\",\"name\":\"Mrozowisko.pl\",\"description\":\"Jak by\u0107 cz\u0142owiekiem renesansu w XXI wieku\",\"potentialAction\":[{\"@type\":\"SearchAction\",\"target\":{\"@type\":\"EntryPoint\",\"urlTemplate\":\"https:\/\/mrozowisko.pl\/?s={search_term_string}\"},\"query-input\":{\"@type\":\"PropertyValueSpecification\",\"valueRequired\":true,\"valueName\":\"search_term_string\"}}],\"inLanguage\":\"en-US\"}]}<\/script>\n<!-- \/ Yoast SEO plugin. -->","yoast_head_json":{"title":"Kim jest Daniel Mr\u00f3z - Mrozowisko.pl","description":"M\u0119\u017cem, tat\u0105, szefem, przyrodnikiem, storytellerem, samoukiem w zakresie hodowli dwug\u0142owych jednoro\u017cc\u00f3w, chirurgiem drzew (tak, jest co\u015b takiego), dyplomowanym operatorem pi\u0142y \u0142a\u0144cuchowej, bushcraftowcem, w\u0142a\u015bcicielem prawdopodobnie najbardziej leniwego ogara (w tej cz\u0119\u015bci \u015bwiata) i ma przekonanie, \u017ce kto\u015b, kiedy\u015b przeczyta to co napisze.","robots":{"index":"index","follow":"follow","max-snippet":"max-snippet:-1","max-image-preview":"max-image-preview:large","max-video-preview":"max-video-preview:-1"},"canonical":"https:\/\/mrozowisko.pl\/en\/o-mnie\/","og_locale":"en_US","og_type":"article","og_title":"Kim jest Daniel Mr\u00f3z - Mrozowisko.pl","og_description":"M\u0119\u017cem, tat\u0105, szefem, przyrodnikiem, storytellerem, samoukiem w zakresie hodowli dwug\u0142owych jednoro\u017cc\u00f3w, chirurgiem drzew (tak, jest co\u015b takiego), dyplomowanym operatorem pi\u0142y \u0142a\u0144cuchowej, bushcraftowcem, w\u0142a\u015bcicielem prawdopodobnie najbardziej leniwego ogara (w tej cz\u0119\u015bci \u015bwiata) i ma przekonanie, \u017ce kto\u015b, kiedy\u015b przeczyta to co napisze.","og_url":"https:\/\/mrozowisko.pl\/en\/o-mnie\/","og_site_name":"Mrozowisko.pl","article_modified_time":"2019-05-14T13:07:35+00:00","twitter_card":"summary_large_image","twitter_misc":{"Est. reading time":"2 minutes"},"schema":{"@context":"https:\/\/schema.org","@graph":[{"@type":"WebPage","@id":"https:\/\/mrozowisko.pl\/en\/o-mnie\/","url":"https:\/\/mrozowisko.pl\/en\/o-mnie\/","name":"Kim jest Daniel Mr\u00f3z - Mrozowisko.pl","isPartOf":{"@id":"https:\/\/mrozowisko.pl\/#website"},"datePublished":"2018-01-28T11:26:41+00:00","dateModified":"2019-05-14T13:07:35+00:00","description":"M\u0119\u017cem, tat\u0105, szefem, przyrodnikiem, storytellerem, samoukiem w zakresie hodowli dwug\u0142owych jednoro\u017cc\u00f3w, chirurgiem drzew (tak, jest co\u015b takiego), dyplomowanym operatorem pi\u0142y \u0142a\u0144cuchowej, bushcraftowcem, w\u0142a\u015bcicielem prawdopodobnie najbardziej leniwego ogara (w tej cz\u0119\u015bci \u015bwiata) i ma przekonanie, \u017ce kto\u015b, kiedy\u015b przeczyta to co napisze.","breadcrumb":{"@id":"https:\/\/mrozowisko.pl\/en\/o-mnie\/#breadcrumb"},"inLanguage":"en-US","potentialAction":[{"@type":"ReadAction","target":["https:\/\/mrozowisko.pl\/en\/o-mnie\/"]}]},{"@type":"BreadcrumbList","@id":"https:\/\/mrozowisko.pl\/en\/o-mnie\/#breadcrumb","itemListElement":[{"@type":"ListItem","position":1,"name":"Strona g\u0142\u00f3wna","item":"https:\/\/mrozowisko.pl\/"},{"@type":"ListItem","position":2,"name":"O mnie"}]},{"@type":"WebSite","@id":"https:\/\/mrozowisko.pl\/#website","url":"https:\/\/mrozowisko.pl\/","name":"Mrozowisko.pl","description":"Jak by\u0107 cz\u0142owiekiem renesansu w XXI wieku","potentialAction":[{"@type":"SearchAction","target":{"@type":"EntryPoint","urlTemplate":"https:\/\/mrozowisko.pl\/?s={search_term_string}"},"query-input":{"@type":"PropertyValueSpecification","valueRequired":true,"valueName":"search_term_string"}}],"inLanguage":"en-US"}]}},"jetpack_sharing_enabled":true,"jetpack_shortlink":"https:\/\/wp.me\/P9JFAG-T","_links":{"self":[{"href":"https:\/\/mrozowisko.pl\/en\/wp-json\/wp\/v2\/pages\/55"}],"collection":[{"href":"https:\/\/mrozowisko.pl\/en\/wp-json\/wp\/v2\/pages"}],"about":[{"href":"https:\/\/mrozowisko.pl\/en\/wp-json\/wp\/v2\/types\/page"}],"author":[{"embeddable":true,"href":"https:\/\/mrozowisko.pl\/en\/wp-json\/wp\/v2\/users\/1"}],"replies":[{"embeddable":true,"href":"https:\/\/mrozowisko.pl\/en\/wp-json\/wp\/v2\/comments?post=55"}],"version-history":[{"count":14,"href":"https:\/\/mrozowisko.pl\/en\/wp-json\/wp\/v2\/pages\/55\/revisions"}],"predecessor-version":[{"id":1923,"href":"https:\/\/mrozowisko.pl\/en\/wp-json\/wp\/v2\/pages\/55\/revisions\/1923"}],"wp:attachment":[{"href":"https:\/\/mrozowisko.pl\/en\/wp-json\/wp\/v2\/media?parent=55"}],"curies":[{"name":"wp","href":"https:\/\/api.w.org\/{rel}","templated":true}]}}